{"id":54,"date":"2021-01-07T14:08:44","date_gmt":"2021-01-07T13:08:44","guid":{"rendered":"http:\/\/atelimn.cluster030.hosting.ovh.net\/?page_id=54"},"modified":"2021-02-02T18:37:41","modified_gmt":"2021-02-02T17:37:41","slug":"le-lieu","status":"publish","type":"page","link":"http:\/\/atelierdelapierre.info\/index.php\/le-lieu\/","title":{"rendered":"Le lieu"},"content":{"rendered":"\n<div class=\"wp-block-media-text alignwide is-stacked-on-mobile\"><figure class=\"wp-block-media-text__media\"><img loading=\"lazy\" width=\"1024\" height=\"602\" src=\"http:\/\/atelimn.cluster030.hosting.ovh.net\/wp-content\/uploads\/2021\/01\/lieu-stage-1024x602.png\" alt=\"\" class=\"wp-image-145\" srcset=\"http:\/\/atelierdelapierre.info\/wp-content\/uploads\/2021\/01\/lieu-stage-1024x602.png 1024w, http:\/\/atelierdelapierre.info\/wp-content\/uploads\/2021\/01\/lieu-stage-300x176.png 300w, http:\/\/atelierdelapierre.info\/wp-content\/uploads\/2021\/01\/lieu-stage-768x451.png 768w, http:\/\/atelierdelapierre.info\/wp-content\/uploads\/2021\/01\/lieu-stage.png 1064w\" sizes=\"(max-width: 1024px) 100vw, 1024px\" \/><\/figure><div class=\"wp-block-media-text__content\">\n<h5>UN ATELIER DE CHARME AU C\u0152UR DU PERCHE&nbsp;<\/h5>\n\n\n\n<p>Dans un atelier en pleine campagne, attenant \u00e0 une ancienne ferme percheronne typique ! Possibilit\u00e9 de logement et de restauration sur place.\u00a0<\/p>\n<\/div><\/div>\n","protected":false},"excerpt":{"rendered":"<p>UN ATELIER DE CHARME AU C\u0152UR DU PERCHE&nbsp; Dans un atelier en pleine campagne, attenant \u00e0 une ancienne ferme percheronne typique ! Possibilit\u00e9 de logement et de restauration sur place.\u00a0<\/p>\n","protected":false},"author":1,"featured_media":0,"parent":0,"menu_order":0,"comment_status":"closed","ping_status":"closed","template":"","meta":{"ngg_post_thumbnail":0},"_links":{"self":[{"href":"http:\/\/atelierdelapierre.info\/index.php\/wp-json\/wp\/v2\/pages\/54"}],"collection":[{"href":"http:\/\/atelierdelapierre.info\/index.php\/wp-json\/wp\/v2\/pages"}],"about":[{"href":"http:\/\/atelierdelapierre.info\/index.php\/wp-json\/wp\/v2\/types\/page"}],"author":[{"embeddable":true,"href":"http:\/\/atelierdelapierre.info\/index.php\/wp-json\/wp\/v2\/users\/1"}],"replies":[{"embeddable":true,"href":"http:\/\/atelierdelapierre.info\/index.php\/wp-json\/wp\/v2\/comments?post=54"}],"version-history":[{"count":3,"href":"http:\/\/atelierdelapierre.info\/index.php\/wp-json\/wp\/v2\/pages\/54\/revisions"}],"predecessor-version":[{"id":485,"href":"http:\/\/atelierdelapierre.info\/index.php\/wp-json\/wp\/v2\/pages\/54\/revisions\/485"}],"wp:attachment":[{"href":"http:\/\/atelierdelapierre.info\/index.php\/wp-json\/wp\/v2\/media?parent=54"}],"curies":[{"name":"wp","href":"https:\/\/api.w.org\/{rel}","templated":true}]}}