{"id":46,"date":"2021-01-07T14:06:20","date_gmt":"2021-01-07T13:06:20","guid":{"rendered":"http:\/\/atelimn.cluster030.hosting.ovh.net\/?page_id=46"},"modified":"2021-02-03T16:17:32","modified_gmt":"2021-02-03T15:17:32","slug":"les-chantiers","status":"publish","type":"page","link":"http:\/\/atelierdelapierre.info\/index.php\/les-chantiers\/","title":{"rendered":"Les chantiers"},"content":{"rendered":"\n<p>2020 : Chemin\u00e9es\u00a0monumentales et fen\u00eatres \u00e0 meneaux dans manoirs du 15\u00e8me \u00a0et 17\u00e8me si\u00e8cle<br><br>2019 : Cr\u00e9ation d\u2019une statue\u00a0d\u2019Ath\u00e9na<br><br>2018 : Fontaine Monumentale \u00a0de style Classique dans un\u00a0h\u00f4tel\u00a0particulier Proven\u00e7al<\/p>\n\n\n\n<p>2015 : Sculpture des chapiteaux corinthiens du Panth\u00e9on \u00e0 Paris.<\/p>\n\n\n\n<p>2014&nbsp;: Sculpture de cl\u00e9s ornement\u00e9es de fen\u00eatres XVIII<sup>\u00e8me<\/sup> si\u00e8cle&nbsp;et d\u2019un fronton avec statuaire, H\u00f4tel Fouteau-Dutertre \u00e0 Mortagne-au-Perche.<\/p>\n\n\n\n<p>1994 \u00e0 2014 : Sculpture ornementale et statuaire sur les manoirs du Perche et Nord Sarthe : Manoir de Boiscordes, Logis de Moulins, Manoir de la Gauberdi\u00e8re.<\/p>\n\n\n\n<p>1992 \u00e0 1994&nbsp;: Sculpture de copies en r\u00e9duction de statuaire m\u00e9di\u00e9vale pour un atelier de reproduction d\u2019art.<br>Bas-reliefs&nbsp;: <em>Les 12 signes du zodiaque<\/em> de la cath\u00e9drale d\u2019Amiens, <em>Sc\u00e8nes des saisons<\/em> de Notre-Dame de Paris, <em>All\u00e9gorie de la musique<\/em> et <em>all\u00e9gorie de la philosophie<\/em> trumeau n\u00e9ogothique du portail central de Notre-Dame de Paris\u2026.<br>Ronde-bosse&nbsp;: <em>Saint Jean-Baptiste <\/em>et <em>La Cr\u00e9ation d\u2019Adam<\/em> de la cath\u00e9drale de Chartres, <em>Le Jouer d\u2019organistrum<\/em> de la basilique Saint-Jacques-de-Compostelle, <em>L\u2019Alchimiste <\/em>et<em> Le Joueur de rebec<\/em> de Notre-Dame de Paris\u2026<\/p>\n\n\n\n<p>1991&nbsp;: Sculpture ornementale au Chantier du Grand Louvre, Pavillon Molien.<\/p>\n","protected":false},"excerpt":{"rendered":"<p>2020 : Chemin\u00e9es\u00a0monumentales et fen\u00eatres \u00e0 meneaux dans manoirs du 15\u00e8me \u00a0et 17\u00e8me si\u00e8cle 2019 : Cr\u00e9ation d\u2019une statue\u00a0d\u2019Ath\u00e9na 2018 : Fontaine Monumentale \u00a0de style Classique dans un\u00a0h\u00f4tel\u00a0particulier Proven\u00e7al 2015 : Sculpture des chapiteaux corinthiens du Panth\u00e9on \u00e0 Paris. 2014&nbsp;: Sculpture de cl\u00e9s ornement\u00e9es de fen\u00eatres XVIII\u00e8me si\u00e8cle&nbsp;et d\u2019un fronton avec statuaire, H\u00f4tel Fouteau-Dutertre \u00e0 [&hellip;]<\/p>\n","protected":false},"author":1,"featured_media":0,"parent":0,"menu_order":0,"comment_status":"closed","ping_status":"closed","template":"templates\/template-full-width.php","meta":{"ngg_post_thumbnail":0},"_links":{"self":[{"href":"http:\/\/atelierdelapierre.info\/index.php\/wp-json\/wp\/v2\/pages\/46"}],"collection":[{"href":"http:\/\/atelierdelapierre.info\/index.php\/wp-json\/wp\/v2\/pages"}],"about":[{"href":"http:\/\/atelierdelapierre.info\/index.php\/wp-json\/wp\/v2\/types\/page"}],"author":[{"embeddable":true,"href":"http:\/\/atelierdelapierre.info\/index.php\/wp-json\/wp\/v2\/users\/1"}],"replies":[{"embeddable":true,"href":"http:\/\/atelierdelapierre.info\/index.php\/wp-json\/wp\/v2\/comments?post=46"}],"version-history":[{"count":9,"href":"http:\/\/atelierdelapierre.info\/index.php\/wp-json\/wp\/v2\/pages\/46\/revisions"}],"predecessor-version":[{"id":514,"href":"http:\/\/atelierdelapierre.info\/index.php\/wp-json\/wp\/v2\/pages\/46\/revisions\/514"}],"wp:attachment":[{"href":"http:\/\/atelierdelapierre.info\/index.php\/wp-json\/wp\/v2\/media?parent=46"}],"curies":[{"name":"wp","href":"https:\/\/api.w.org\/{rel}","templated":true}]}}