{"id":44,"date":"2021-01-07T14:05:35","date_gmt":"2021-01-07T13:05:35","guid":{"rendered":"http:\/\/atelimn.cluster030.hosting.ovh.net\/?page_id=44"},"modified":"2021-01-21T18:50:51","modified_gmt":"2021-01-21T17:50:51","slug":"les-autres-realisations","status":"publish","type":"page","link":"http:\/\/atelierdelapierre.info\/index.php\/les-autres-realisations\/","title":{"rendered":"Les autres r\u00e9alisations"},"content":{"rendered":"\n<div class=\"wp-block-media-text alignwide is-stacked-on-mobile\"><figure class=\"wp-block-media-text__media\"><img loading=\"lazy\" width=\"500\" height=\"331\" src=\"http:\/\/atelimn.cluster030.hosting.ovh.net\/wp-content\/uploads\/2021\/01\/autres-realisations.jpg\" alt=\"\" class=\"wp-image-418\" srcset=\"http:\/\/atelierdelapierre.info\/wp-content\/uploads\/2021\/01\/autres-realisations.jpg 500w, http:\/\/atelierdelapierre.info\/wp-content\/uploads\/2021\/01\/autres-realisations-300x199.jpg 300w\" sizes=\"(max-width: 500px) 100vw, 500px\" \/><\/figure><div class=\"wp-block-media-text__content\">\n<p class=\"has-large-font-size\">Depuis sa cr\u00e9ation, l&rsquo;Atelier de la Pierre compte \u00e0 son actif de <a href=\"http:\/\/atelimn.cluster030.hosting.ovh.net\/index.php\/les-chantiers\/\">nombreux chantiers<\/a> et <a href=\"http:\/\/atelimn.cluster030.hosting.ovh.net\/index.php\/elements-darchitecture\/\">\u00e9l\u00e9ments d&rsquo;architecture<\/a>.<\/p>\n<\/div><\/div>\n","protected":false},"excerpt":{"rendered":"<p>Depuis sa cr\u00e9ation, l&rsquo;Atelier de la Pierre compte \u00e0 son actif de nombreux chantiers et \u00e9l\u00e9ments d&rsquo;architecture.<\/p>\n","protected":false},"author":1,"featured_media":0,"parent":0,"menu_order":0,"comment_status":"closed","ping_status":"closed","template":"","meta":{"ngg_post_thumbnail":0},"_links":{"self":[{"href":"http:\/\/atelierdelapierre.info\/index.php\/wp-json\/wp\/v2\/pages\/44"}],"collection":[{"href":"http:\/\/atelierdelapierre.info\/index.php\/wp-json\/wp\/v2\/pages"}],"about":[{"href":"http:\/\/atelierdelapierre.info\/index.php\/wp-json\/wp\/v2\/types\/page"}],"author":[{"embeddable":true,"href":"http:\/\/atelierdelapierre.info\/index.php\/wp-json\/wp\/v2\/users\/1"}],"replies":[{"embeddable":true,"href":"http:\/\/atelierdelapierre.info\/index.php\/wp-json\/wp\/v2\/comments?post=44"}],"version-history":[{"count":5,"href":"http:\/\/atelierdelapierre.info\/index.php\/wp-json\/wp\/v2\/pages\/44\/revisions"}],"predecessor-version":[{"id":421,"href":"http:\/\/atelierdelapierre.info\/index.php\/wp-json\/wp\/v2\/pages\/44\/revisions\/421"}],"wp:attachment":[{"href":"http:\/\/atelierdelapierre.info\/index.php\/wp-json\/wp\/v2\/media?parent=44"}],"curies":[{"name":"wp","href":"https:\/\/api.w.org\/{rel}","templated":true}]}}