{"id":386,"date":"2021-01-21T15:00:35","date_gmt":"2021-01-21T14:00:35","guid":{"rendered":"http:\/\/atelimn.cluster030.hosting.ovh.net\/?page_id=386"},"modified":"2024-10-19T23:19:53","modified_gmt":"2024-10-19T21:19:53","slug":"presse","status":"publish","type":"page","link":"http:\/\/atelierdelapierre.info\/index.php\/presse\/","title":{"rendered":"Presse"},"content":{"rendered":"\n<h5><strong>Presse \u00e9crite<\/strong><\/h5>\n\n\n\n<p><br>&#8211; <strong>17 septembre 2023 :<\/strong> , p14 \u00ab\u00a0Notre Dame de Paris, le chantier d&rsquo;une vie\u00a0\u00bb. <a href=\"http:\/\/atelimn.cluster030.hosting.ovh.net\/wp-content\/downloads\/presse\/JDD-17-septembre-Notre-Dame.pdf\" target=\"_blank\" rel=\"noreferrer noopener\">T\u00e9l\u00e9chargez l\u2019article au format pdf<\/a><br><br>&#8211; <strong>Ao\u00fbt 2020 :<\/strong> Antiquit\u00e9s brocante, p72 \u00ab\u00a0M\u00e9tier Tailleur de Pierre\u00a0\u00bb. <a rel=\"noreferrer noopener\" href=\"http:\/\/atelimn.cluster030.hosting.ovh.net\/wp-content\/downloads\/presse\/Antiquites-brocante-aout-2020.pdf\" target=\"_blank\">T\u00e9l\u00e9chargez l\u2019article au format pdf<\/a><br><br>&#8211; <strong>2017 :<\/strong> Le Perche : La nouvelle statue de \u00ab\u00a0Saint Victor\u00a0\u00bb mise en place \u00e0 l&rsquo;\u00e9glise.<a href=\"http:\/\/atelimn.cluster030.hosting.ovh.net\/wp-content\/downloads\/presse\/RENAISSANCE-statue-saint-victor.pdf\"> <\/a><a rel=\"noreferrer noopener\" href=\"http:\/\/atelimn.cluster030.hosting.ovh.net\/wp-content\/downloads\/presse\/RENAISSANCE-statue-saint-victor.pdf\" target=\"_blank\">T\u00e9l\u00e9chargez l&rsquo;article au format pdf<\/a><br><br>&#8211; <strong>3 juin 2015<\/strong> : Le Perche : Un Percheron au Panth\u00e9on. <a rel=\"noreferrer noopener\" href=\"http:\/\/atelimn.cluster030.hosting.ovh.net\/wp-content\/downloads\/presse\/un-percheron-au-pantheon.pdf\" target=\"_blank\">T\u00e9l\u00e9chargez l&rsquo;article au format pdf<\/a><br><br>&#8211; <strong>2015<\/strong> : Le Perche : Le Mage : rencontre avec un sculpteur-tailleur de pierres. <a rel=\"noreferrer noopener\" href=\"http:\/\/atelimn.cluster030.hosting.ovh.net\/wp-content\/downloads\/presse\/le-mage-tailleur-de-pierre.pdf\" target=\"_blank\">T\u00e9l\u00e9chargez l&rsquo;article au format pdf<\/a><br><br>&#8211; <strong>2014<\/strong> : Le Perche : Mortagne au Perche : L&rsquo;h\u00f4tel Fouteau-Dutertre retrouve sa splendeur d&rsquo;autrefois. <a rel=\"noreferrer noopener\" href=\"http:\/\/atelimn.cluster030.hosting.ovh.net\/wp-content\/downloads\/presse\/renaissance-hotel-fouteau-dutertre.pdf\" target=\"_blank\">T\u00e9l\u00e9chargez l&rsquo;article au format pdf<\/a><br><br>&#8211; <strong>2010 <\/strong>: Revue Demeure Historique, n\u00b0178 : Article sur la formation de tailleur de pierre et la restauration du logis de Mollins. <a rel=\"noreferrer noopener\" href=\"http:\/\/atelimn.cluster030.hosting.ovh.net\/wp-content\/downloads\/presse\/revue_demeure_historique_stage.pdf\" target=\"_blank\">T\u00e9l\u00e9chargez l&rsquo;article au format pdf<\/a><br><br>&#8211; <strong>2006<\/strong> : Le Perche : Journ\u00e9e science en f\u00eate : Philippe Giraud fabrique un cadran solaire. <a rel=\"noreferrer noopener\" href=\"http:\/\/atelimn.cluster030.hosting.ovh.net\/wp-content\/downloads\/presse\/cadran-solaire.pdf\" target=\"_blank\">T\u00e9l\u00e9chargez l&rsquo;article au format pdf<\/a><br><br>&#8211; <strong> 2004<\/strong> : Le Perche : Le \u00ab\u00a0po\u00e8te\u00a0\u00bb de la pierre. <a rel=\"noreferrer noopener\" href=\"http:\/\/atelimn.cluster030.hosting.ovh.net\/wp-content\/downloads\/presse\/poete-de-la-pierre.pdf\" target=\"_blank\">T\u00e9l\u00e9chargez l&rsquo;article au format pdf<\/a><br><br><\/p>\n\n\n\n<h5><strong>T\u00e9l\u00e9vision<\/strong><br><\/h5>\n\n\n\n<p>&#8211; Reportage r\u00e9alis\u00e9 par France 3 Normandie-Caen et diffus\u00e9 le 1er juillet 2010. On d\u00e9couvre ici les techniques utilis\u00e9es par l&rsquo;Atelier de la Pierre dans la restauration de b\u00e2timents anciens.<br><a rel=\"noreferrer noopener\" href=\"https:\/\/www.youtube.com\/watch?v=cwTvO8NpkMo\" target=\"_blank\">https:\/\/www.youtube.com\/watch?v=cwTvO8NpkMo<\/a><br><br>&#8211; Interview de Philippe Giraud &#8211; Atelier de la Pierre, r\u00e9alis\u00e9e par Caroline Munoz pour l&rsquo;\u00e9mission D\u00e9co 8 de Direct 8.<br><a rel=\"noreferrer noopener\" href=\"https:\/\/www.youtube.com\/watch?v=oSKwJ82-WY8\" target=\"_blank\">https:\/\/www.youtube.com\/watch?v=oSKwJ82-WY8<\/a><\/p>\n\n\n\n<h5><strong>Web<\/strong><\/h5>\n\n\n\n<p>&#8211; Restauration de la chapelle Sainte-Catherine. <a href=\"http:\/\/atelimn.cluster030.hosting.ovh.net\/wp-content\/downloads\/presse\/Chapelle-Sainte-Catherine.pdf\" target=\"_blank\" rel=\"noreferrer noopener\">T\u00e9l\u00e9chargez l&rsquo;article au format pdf<\/a><\/p>\n","protected":false},"excerpt":{"rendered":"<p>Presse \u00e9crite &#8211; 17 septembre 2023 : , p14 \u00ab\u00a0Notre Dame de Paris, le chantier d&rsquo;une vie\u00a0\u00bb. T\u00e9l\u00e9chargez l\u2019article au format pdf &#8211; Ao\u00fbt 2020 : Antiquit\u00e9s brocante, p72 \u00ab\u00a0M\u00e9tier Tailleur de Pierre\u00a0\u00bb. T\u00e9l\u00e9chargez l\u2019article au format pdf &#8211; 2017 : Le Perche : La nouvelle statue de \u00ab\u00a0Saint Victor\u00a0\u00bb mise en place \u00e0 l&rsquo;\u00e9glise. [&hellip;]<\/p>\n","protected":false},"author":1,"featured_media":0,"parent":0,"menu_order":0,"comment_status":"closed","ping_status":"closed","template":"templates\/template-full-width.php","meta":{"ngg_post_thumbnail":0},"_links":{"self":[{"href":"http:\/\/atelierdelapierre.info\/index.php\/wp-json\/wp\/v2\/pages\/386"}],"collection":[{"href":"http:\/\/atelierdelapierre.info\/index.php\/wp-json\/wp\/v2\/pages"}],"about":[{"href":"http:\/\/atelierdelapierre.info\/index.php\/wp-json\/wp\/v2\/types\/page"}],"author":[{"embeddable":true,"href":"http:\/\/atelierdelapierre.info\/index.php\/wp-json\/wp\/v2\/users\/1"}],"replies":[{"embeddable":true,"href":"http:\/\/atelierdelapierre.info\/index.php\/wp-json\/wp\/v2\/comments?post=386"}],"version-history":[{"count":25,"href":"http:\/\/atelierdelapierre.info\/index.php\/wp-json\/wp\/v2\/pages\/386\/revisions"}],"predecessor-version":[{"id":584,"href":"http:\/\/atelierdelapierre.info\/index.php\/wp-json\/wp\/v2\/pages\/386\/revisions\/584"}],"wp:attachment":[{"href":"http:\/\/atelierdelapierre.info\/index.php\/wp-json\/wp\/v2\/media?parent=386"}],"curies":[{"name":"wp","href":"https:\/\/api.w.org\/{rel}","templated":true}]}}