{"id":354,"date":"2021-01-19T15:33:00","date_gmt":"2021-01-19T14:33:00","guid":{"rendered":"http:\/\/atelimn.cluster030.hosting.ovh.net\/?page_id=354"},"modified":"2021-02-02T18:20:57","modified_gmt":"2021-02-02T17:20:57","slug":"le-batiment","status":"publish","type":"page","link":"http:\/\/atelierdelapierre.info\/index.php\/le-batiment\/","title":{"rendered":"Le b\u00e2timent"},"content":{"rendered":"\n<p>Imaginer un b\u00e2timent associant les savoir-faire ancestraux et les mat\u00e9riaux contemporains, laisser penser que la construction datait de plusieurs centaines d&rsquo;ann\u00e9es, tel fut le challenge de Philippe Giraud lorsqu&rsquo;il se lan\u00e7a dans la construction de son Atelier en 2007.<\/p>\n\n\n\n<figure class=\"wp-block-embed-youtube wp-block-embed is-type-video is-provider-youtube wp-embed-aspect-4-3 wp-has-aspect-ratio\"><div class=\"wp-block-embed__wrapper\">\n<iframe title=\"La sortie de terre de l&#039;Atelier de la Pierre \u00e0 Longny au Perche\" width=\"580\" height=\"435\" src=\"https:\/\/www.youtube.com\/embed\/3JBm35_AXGc?feature=oembed\" frameborder=\"0\" allow=\"accelerometer; autoplay; clipboard-write; encrypted-media; gyroscope; picture-in-picture\" allowfullscreen><\/iframe>\n<\/div><\/figure>\n\n\n\n<p>Le pari r\u00e9ussi d&rsquo;un b\u00e2timent moderne en parfaite int\u00e9gration avec le Parc Naturel R\u00e9gional du Perche.<\/p>\n\n\n\n<p><\/p>\n","protected":false},"excerpt":{"rendered":"<p>Imaginer un b\u00e2timent associant les savoir-faire ancestraux et les mat\u00e9riaux contemporains, laisser penser que la construction datait de plusieurs centaines d&rsquo;ann\u00e9es, tel fut le challenge de Philippe Giraud lorsqu&rsquo;il se lan\u00e7a dans la construction de son Atelier en 2007. Le pari r\u00e9ussi d&rsquo;un b\u00e2timent moderne en parfaite int\u00e9gration avec le Parc Naturel R\u00e9gional du Perche.<\/p>\n","protected":false},"author":1,"featured_media":0,"parent":0,"menu_order":0,"comment_status":"closed","ping_status":"closed","template":"","meta":{"ngg_post_thumbnail":0},"_links":{"self":[{"href":"http:\/\/atelierdelapierre.info\/index.php\/wp-json\/wp\/v2\/pages\/354"}],"collection":[{"href":"http:\/\/atelierdelapierre.info\/index.php\/wp-json\/wp\/v2\/pages"}],"about":[{"href":"http:\/\/atelierdelapierre.info\/index.php\/wp-json\/wp\/v2\/types\/page"}],"author":[{"embeddable":true,"href":"http:\/\/atelierdelapierre.info\/index.php\/wp-json\/wp\/v2\/users\/1"}],"replies":[{"embeddable":true,"href":"http:\/\/atelierdelapierre.info\/index.php\/wp-json\/wp\/v2\/comments?post=354"}],"version-history":[{"count":12,"href":"http:\/\/atelierdelapierre.info\/index.php\/wp-json\/wp\/v2\/pages\/354\/revisions"}],"predecessor-version":[{"id":472,"href":"http:\/\/atelierdelapierre.info\/index.php\/wp-json\/wp\/v2\/pages\/354\/revisions\/472"}],"wp:attachment":[{"href":"http:\/\/atelierdelapierre.info\/index.php\/wp-json\/wp\/v2\/media?parent=354"}],"curies":[{"name":"wp","href":"https:\/\/api.w.org\/{rel}","templated":true}]}}