{"id":19,"date":"2021-01-07T13:52:52","date_gmt":"2021-01-07T12:52:52","guid":{"rendered":"http:\/\/atelimn.cluster030.hosting.ovh.net\/?page_id=19"},"modified":"2021-02-02T18:45:03","modified_gmt":"2021-02-02T17:45:03","slug":"a-propos-de","status":"publish","type":"page","link":"http:\/\/atelierdelapierre.info\/index.php\/a-propos-de\/","title":{"rendered":"\u00c0 propos"},"content":{"rendered":"\n<div class=\"wp-block-media-text alignwide is-stacked-on-mobile\"><figure class=\"wp-block-media-text__media\"><img loading=\"lazy\" width=\"500\" height=\"500\" src=\"http:\/\/atelimn.cluster030.hosting.ovh.net\/wp-content\/uploads\/2021\/02\/philippe-a-propos.jpg\" alt=\"\" class=\"wp-image-486\" srcset=\"http:\/\/atelierdelapierre.info\/wp-content\/uploads\/2021\/02\/philippe-a-propos.jpg 500w, http:\/\/atelierdelapierre.info\/wp-content\/uploads\/2021\/02\/philippe-a-propos-300x300.jpg 300w, http:\/\/atelierdelapierre.info\/wp-content\/uploads\/2021\/02\/philippe-a-propos-150x150.jpg 150w\" sizes=\"(max-width: 500px) 100vw, 500px\" \/><\/figure><div class=\"wp-block-media-text__content\">\n<p><strong>Tailleur de pierre et sculpteur<\/strong><\/p>\n\n\n\n<p>Philippe Giraud commence son apprentissage de tailleur de pierre chez les Compagnons du Devoir comme apprenti \u00e0 l\u2019\u0152uvre Notre-Dame de la cath\u00e9drale de Strasbourg. Il poursuit son parcours dans la section de tailleur de pierre en Monuments Historiques \u00e0 l\u2019\u00c9cole Saint-Lambert de Paris et participe aux chantiers des cath\u00e9drales de Rouen et de Reims, du Louvre et du ch\u00e2teau de Vincennes. Il se sp\u00e9cialise ensuite dans la statuaire et l\u2019ornementation m\u00e9di\u00e9vale, jusqu\u2019\u00e0 intervenir plus r\u00e9cemment sur les monumentaux chapiteaux corinthiens du Panth\u00e9on.<\/p>\n\n\n\n<p>Dans le Perche, il cr\u00e9\u00e9 l\u2019Atelier de la Pierre en 1996, \u0153uvrant pour la restauration d\u2019\u00e9glises, de manoirs du xve si\u00e8cle et du b\u00e2ti rural ancien. Il fonde un centre de formation agr\u00e9\u00e9 en 1998 pour transmettre son savoir-faire en taille de pierre, sculpture et ornementation. En 2013 l\u2019Atelier de la Pierre est la premi\u00e8re entreprise ornaise \u00e0 obtenir le label \u00ab Entreprise du Patrimoine Vivant \u00bb.<\/p>\n\n\n\n<p>Il pr\u00e9side \u00e9galement une association d\u2019artisans et ma\u00eetres d\u2019art pour transmettre les savoir-faire manuels et r\u00e9habiliter cette richesse profond\u00e9ment humaine qu\u2019est \u00ab la voie de la main \u00bb.<\/p>\n<\/div><\/div>\n\n\n\n<div class=\"wp-block-media-text alignwide has-media-on-the-right is-stacked-on-mobile\" style=\"grid-template-columns:auto 47%\"><figure class=\"wp-block-media-text__media\"><img loading=\"lazy\" width=\"800\" height=\"537\" src=\"http:\/\/atelimn.cluster030.hosting.ovh.net\/wp-content\/uploads\/2021\/02\/epv-macron-02.jpg\" alt=\"\" class=\"wp-image-451\" srcset=\"http:\/\/atelierdelapierre.info\/wp-content\/uploads\/2021\/02\/epv-macron-02.jpg 800w, http:\/\/atelierdelapierre.info\/wp-content\/uploads\/2021\/02\/epv-macron-02-300x201.jpg 300w, http:\/\/atelierdelapierre.info\/wp-content\/uploads\/2021\/02\/epv-macron-02-768x516.jpg 768w\" sizes=\"(max-width: 800px) 100vw, 800px\" \/><\/figure><div class=\"wp-block-media-text__content\">\n<p class=\"has-large-font-size\"><\/p>\n<\/div><\/div>\n","protected":false},"excerpt":{"rendered":"<p>Tailleur de pierre et sculpteur Philippe Giraud commence son apprentissage de tailleur de pierre chez les Compagnons du Devoir comme apprenti \u00e0 l\u2019\u0152uvre Notre-Dame de la cath\u00e9drale de Strasbourg. Il poursuit son parcours dans la section de tailleur de pierre en Monuments Historiques \u00e0 l\u2019\u00c9cole Saint-Lambert de Paris et participe aux chantiers des cath\u00e9drales de [&hellip;]<\/p>\n","protected":false},"author":1,"featured_media":0,"parent":0,"menu_order":0,"comment_status":"closed","ping_status":"closed","template":"","meta":{"ngg_post_thumbnail":0},"_links":{"self":[{"href":"http:\/\/atelierdelapierre.info\/index.php\/wp-json\/wp\/v2\/pages\/19"}],"collection":[{"href":"http:\/\/atelierdelapierre.info\/index.php\/wp-json\/wp\/v2\/pages"}],"about":[{"href":"http:\/\/atelierdelapierre.info\/index.php\/wp-json\/wp\/v2\/types\/page"}],"author":[{"embeddable":true,"href":"http:\/\/atelierdelapierre.info\/index.php\/wp-json\/wp\/v2\/users\/1"}],"replies":[{"embeddable":true,"href":"http:\/\/atelierdelapierre.info\/index.php\/wp-json\/wp\/v2\/comments?post=19"}],"version-history":[{"count":13,"href":"http:\/\/atelierdelapierre.info\/index.php\/wp-json\/wp\/v2\/pages\/19\/revisions"}],"predecessor-version":[{"id":487,"href":"http:\/\/atelierdelapierre.info\/index.php\/wp-json\/wp\/v2\/pages\/19\/revisions\/487"}],"wp:attachment":[{"href":"http:\/\/atelierdelapierre.info\/index.php\/wp-json\/wp\/v2\/media?parent=19"}],"curies":[{"name":"wp","href":"https:\/\/api.w.org\/{rel}","templated":true}]}}